{"id":722,"date":"2024-09-07T08:43:57","date_gmt":"2024-09-07T08:43:57","guid":{"rendered":"https:\/\/carniceriacrismar.es\/?page_id=722"},"modified":"2025-01-09T18:35:04","modified_gmt":"2025-01-09T18:35:04","slug":"politica-de-privacidad","status":"publish","type":"page","link":"https:\/\/carniceriacrismar.es\/en\/politica-de-privacidad\/","title":{"rendered":"Privacy policy"},"content":{"rendered":"<p>carniceriacrismar.es te informa sobre su Pol\u00edtica de Privacidad respecto del tratamiento y protecci\u00f3n de los datos de car\u00e1cter personal de los usuarios que puedan ser recabados durante la navegaci\u00f3n a trav\u00e9s del sitio Web&nbsp;https:\/\/carniceriacrismar.es.<\/p>\n\n\n\n<p>En este sentido, carniceriacrismar.es garantiza el cumplimiento de la normativa vigente en materia de protecci\u00f3n de datos personales, reflejada en la Ley Org\u00e1nica 3\/2018, de 5 de diciembre, de Protecci\u00f3n de Datos Personales y de Garant\u00eda de Derechos Digitales (LOPD GDD). Cumple tambi\u00e9n con el Reglamento (UE) 2016\/679 del Parlamento Europeo y del Consejo de 27 de abril de 2016 relativo a la protecci\u00f3n de las personas f\u00edsicas (RGPD).<\/p>\n\n\n\n<p>El uso de sitio Web implica la aceptaci\u00f3n de esta Pol\u00edtica de Privacidad as\u00ed como las condiciones incluidas en el&nbsp;<a href=\"https:\/\/carniceriacrismar.es\/en\/aviso-legal\/\">Legal Notice<\/a>.<\/p>\n\n\n\n<h2 class=\"wp-block-heading\">Principios aplicados en el tratamiento de datos<\/h2>\n\n\n\n<p>En el tratamiento de tus datos personales, el Titular aplicar\u00e1 los siguientes principios que se ajustan a las exigencias del nuevo reglamento europeo de protecci\u00f3n de datos (RGPD):<\/p>\n\n\n\n<ul class=\"wp-block-list\">\n<li><strong>Principio de licitud, lealtad y transparencia:<\/strong>&nbsp;El Titular siempre requerir\u00e1 el consentimiento para el tratamiento de los datos personales que puede ser para uno o varios fines espec\u00edficos sobre los que el Titular informar\u00e1 al Usuario previamente con absoluta transparencia.<\/li>\n\n\n\n<li><strong>Principio de minimizaci\u00f3n de datos:<\/strong>&nbsp;El Titular solicitar\u00e1 solo los datos estrictamente necesarios para el fin o los fines que los solicita.<\/li>\n\n\n\n<li><strong>Principio de limitaci\u00f3n del plazo de conservaci\u00f3n:<\/strong>&nbsp;El Titular mantendr\u00e1 los datos personales recabados durante el tiempo estrictamente necesario para el fin o los fines del tratamiento. El Titular informar\u00e1 al Usuario del plazo de conservaci\u00f3n correspondiente&nbsp;seg\u00fan la finalidad.<br>En el caso de suscripciones, el Titular revisar\u00e1 peri\u00f3dicamente las listas y eliminar\u00e1 aquellos registros inactivos durante un tiempo considerable.<\/li>\n\n\n\n<li><strong>Principio de integridad y confidencialidad:<\/strong>&nbsp;Los datos personales recabados ser\u00e1n tratados de tal manera que su seguridad, confidencialidad e integridad est\u00e9 garantizada.<br>El Titular toma las precauciones necesarias para evitar el acceso no autorizado o uso indebido de los datos de sus usuarios por parte de terceros.<\/li>\n<\/ul>\n\n\n\n<h2 class=\"wp-block-heading\">Obtenci\u00f3n de datos personales<\/h2>\n\n\n\n<p>Para navegar por&nbsp;<a href=\"https:\/\/carniceriacrismar.es\/en\/\">https:\/\/carniceriacrismar.es<\/a>&nbsp;no es necesario que facilites ning\u00fan dato personal.<\/p>\n\n\n\n<p>Los casos en los que s\u00ed proporcionas tus datos personales son los siguientes:<\/p>\n\n\n\n<ul class=\"wp-block-list\">\n<li>Al contactar a trav\u00e9s de los formularios de contacto o enviar un correo electr\u00f3nico.<\/li>\n\n\n\n<li>Al realizar un comentario en un art\u00edculo o en una p\u00e1gina.<\/li>\n\n\n\n<li>Al inscribirte en un formulario de suscripci\u00f3n o un bolet\u00edn que el Titular gestiona con&nbsp;MailChimp.<\/li>\n<\/ul>\n\n\n\n<h2 class=\"wp-block-heading\">Derechos<\/h2>\n\n\n\n<p>El Titular te informa que sobre tus datos personales tienes derecho a:<\/p>\n\n\n\n<ul class=\"wp-block-list\">\n<li>Solicitar el acceso a los datos almacenados.<\/li>\n\n\n\n<li>Solicitar una rectificaci\u00f3n o la cancelaci\u00f3n.<\/li>\n\n\n\n<li>Solicitar la limitaci\u00f3n de su tratamiento.<\/li>\n\n\n\n<li>Oponerte al tratamiento.<\/li>\n<\/ul>\n\n\n\n<p>No puedes ejercitar el derecho a la portabilidad de los datos.<\/p>\n\n\n\n<p>El ejercicio de estos derechos es personal y por tanto debe ser ejercido directamente por el interesado, solicit\u00e1ndolo directamente al Titular, lo que significa que cualquier cliente, suscriptor o colaborador que haya facilitado sus datos en alg\u00fan momento, puede dirigirse a carniceriacrismar.es y pedir informaci\u00f3n sobre los datos que tiene almacenados y c\u00f3mo los ha obtenido, solicitar la rectificaci\u00f3n de los mismos, oponerse al tratamiento, limitar su uso o solicitar la cancelaci\u00f3n de esos datos en los ficheros del Titular.<\/p>\n\n\n\n<p>Para ejercitar tus derechos de acceso, rectificaci\u00f3n, cancelaci\u00f3n y oposici\u00f3n tienes que enviar un correo electr\u00f3nico a info@carniceriacrismar.es junto con la prueba v\u00e1lida en derecho como una fotocopia del D.N.I. o equivalente.<\/p>\n\n\n\n<p>Tienes derecho a la tutela judicial efectiva y a presentar una reclamaci\u00f3n ante la autoridad de control, en este caso, la Agencia Espa\u00f1ola de Protecci\u00f3n de Datos, si consideras que el tratamiento de datos personales que te conciernen infringe el Reglamento.<\/p>\n\n\n\n<h2 class=\"wp-block-heading\" id=\"finalidad-del-tratamiento-de-datos-personales\">Finalidad del tratamiento de datos personales<\/h2>\n\n\n\n<p>Cuando te conectas al sitio Web para mandar un correo al Titular, escribes un comentario en un art\u00edculo o una p\u00e1gina, te suscribes a su bolet\u00edn est\u00e1s facilitando informaci\u00f3n de car\u00e1cter personal de la que el responsable es carniceriacrismar.es. Esta informaci\u00f3n puede incluir datos de car\u00e1cter personal como pueden ser tu direcci\u00f3n IP, nombre y apellidos, direcci\u00f3n f\u00edsica, direcci\u00f3n de correo electr\u00f3nico, n\u00famero de tel\u00e9fono, y otra informaci\u00f3n. Al facilitar esta informaci\u00f3n, das tu consentimiento para que tu informaci\u00f3n sea recopilada, utilizada, gestionada y almacenada por \u2014 carniceriacrismar.es \u2014 s\u00f3lo como se describe en el&nbsp;<a href=\"https:\/\/carniceriacrismar.es\/en\/aviso-legal\/\">Legal Notice<\/a>&nbsp;y en la presente&nbsp;<a href=\"https:\/\/carniceriacrismar.es\/en\/politica-de-privacidad\/\">Privacy policy<\/a>.<\/p>\n\n\n\n<p>Los datos personales y la finalidad del tratamiento por parte del Titular es diferente seg\u00fan el sistema de captura de informaci\u00f3n:<\/p>\n\n\n\n<ul class=\"wp-block-list\">\n<li><strong>Formularios de contacto:<\/strong>&nbsp;El Titular solicita datos personales entre los que pueden estar: nombre y apellidos, direcci\u00f3n de correo electr\u00f3nico, n\u00famero de tel\u00e9fono y direcci\u00f3n de sitio Web con la finalidad de responder las consultas de los Usuarios.<br>Por ejemplo, carniceriacrismar.es utiliza esos datos para dar respuesta a mensajes, dudas, quejas, comentarios o inquietudes que pueden tener los Usuarios relativas a la informaci\u00f3n incluida en el sitio Web, el tratamiento de los datos personales, cuestiones referentes a los textos legales incluidos en el sitio Web, as\u00ed como cualquier otra consulta que el Usuario pueda tener y que no est\u00e9 sujeta a las condiciones del sitio Web.<\/li>\n\n\n\n<li><strong>Formularios de comentarios:<\/strong>&nbsp;El Titular solicita datos personales entre los que pueden estar: nombre y apellidos, direcci\u00f3n de correo electr\u00f3nico, y direcci\u00f3n de sitio Web con la finalidad de responder a los comentarios de los Usuarios.<\/li>\n\n\n\n<li><strong>Formularios de suscripci\u00f3n a contenidos:<\/strong>&nbsp;El Titular solicita los siguientes datos personales: nombre y apellidos, direcci\u00f3n de correo electr\u00f3nico, n\u00famero de tel\u00e9fono y direcci\u00f3n de un sitio web para gestionar la lista de suscripciones, enviar boletines, promociones y ofertas especiales.<br>Los datos personales facilitados al Titular estar\u00e1n ubicados en los servidores de The Rocket Science Group LLC d\/b\/a, con domicilio en EEUU. (Mailchimp).<\/li>\n<\/ul>\n\n\n\n<p>Existen otras finalidades por las que el Titular trata datos personales:<\/p>\n\n\n\n<ul class=\"wp-block-list\">\n<li>Para garantizar el cumplimiento de las condiciones recogidas en el&nbsp;<a href=\"https:\/\/carniceriacrismar.es\/en\/aviso-legal\/\">Legal Notice<\/a>&nbsp;y en la ley aplicable. Esto puede incluir el desarrollo de herramientas y algoritmos que ayuden a este sitio Web a garantizar la confidencialidad de los datos personales que recoge.<\/li>\n\n\n\n<li>Para apoyar y mejorar los servicios que ofrece este sitio Web.<\/li>\n\n\n\n<li>Para analizar la navegaci\u00f3n de los usuarios. El Titular recoge otros datos no identificativos que se obtienen mediante el uso de cookies que se descargan en el ordenador del Usuario cuando navega por el sitio Web cuyas caracter\u00edsticas y finalidad est\u00e1n detalladas en la&nbsp;<a href=\"https:\/\/carniceriacrismar.es\/en\/politica-de-cookies\/\">Cookie policy<\/a>.<\/li>\n\n\n\n<li>Para gestionar las redes sociales. carniceriacrismar.es tiene presencia en redes sociales. Si te haces seguidor en las redes sociales del Titular el tratamiento de los datos personales se regir\u00e1 por este apartado, as\u00ed como por aquellas condiciones de uso, pol\u00edticas de privacidad y normativas de acceso que pertenezcan a la red social que proceda en cada caso y que has aceptado previamente.<br>Puedes consultar las pol\u00edticas de privacidad de las principales redes sociales en estos enlaces:\n<ul class=\"wp-block-list\">\n<li><a href=\"https:\/\/www.facebook.com\/help\/cookies\" rel=\"noreferrer noopener\" target=\"_blank\">Facebook<\/a><\/li>\n\n\n\n<li><a href=\"https:\/\/twitter.com\/privacy\" rel=\"noreferrer noopener\" target=\"_blank\">Twitter<\/a><\/li>\n\n\n\n<li><a href=\"https:\/\/www.linkedin.com\/legal\/cookie-policy\" rel=\"noreferrer noopener\" target=\"_blank\">Linkedin<\/a><\/li>\n\n\n\n<li><a href=\"https:\/\/www.youtube.com\/privacy\" rel=\"noreferrer noopener\" target=\"_blank\">YouTube<\/a><\/li>\n\n\n\n<li><a href=\"https:\/\/www.instagram.com\/legal\/privacy\/\" rel=\"noreferrer noopener\" target=\"_blank\">Instagram<\/a><\/li>\n<\/ul>\n<\/li>\n\n\n\n<li>El Titular tratar\u00e1 tus datos personales con la finalidad de administrar correctamente su presencia en la red social, informarte de sus actividades, as\u00ed como para cualquier otra finalidad que las normativas de las redes sociales permitan.En ning\u00fan caso el Titular utilizar\u00e1 los perfiles de seguidores en redes sociales para enviar publicidad de manera individual.<\/li>\n<\/ul>\n\n\n\n<h2 class=\"wp-block-heading\">Seguridad de los datos personales<\/h2>\n\n\n\n<p>Para proteger tus datos personales, el Titular toma todas las precauciones razonables y sigue las mejores pr\u00e1cticas de la industria para evitar su p\u00e9rdida, mal uso, acceso indebido, divulgaci\u00f3n, alteraci\u00f3n o destrucci\u00f3n de los mismos.<\/p>\n\n\n\n<p>Tus datos podr\u00e1n ser incorporados a un fichero de lista de correo, del cual carniceriacrismar.es es responsable de su gesti\u00f3n y tratamiento. La seguridad de tus datos est\u00e1 garantizada, ya que carniceriacrismar.es toma todas las medidas de seguridad necesarias y te garantiza que los datos personales s\u00f3lo se usar\u00e1n para las finalidades dadas.<\/p>\n\n\n\n<h2 class=\"wp-block-heading\">Contenido de otros sitios web<\/h2>\n\n\n\n<p>Las p\u00e1ginas de este sitio Web pueden incluir contenido incrustado (por ejemplo, v\u00eddeos, im\u00e1genes, art\u00edculos, etc.). El contenido incrustado de otras web se comporta exactamente de la misma manera que si hubieras visitado la otra web.<\/p>\n\n\n\n<p>Estos sitios Web pueden recopilar datos sobre ti, utilizar cookies, incrustar un c\u00f3digo de seguimiento adicional de terceros, y supervisar tu interacci\u00f3n usando este c\u00f3digo.<\/p>\n\n\n\n<h2 class=\"wp-block-heading\">Cookie policy<\/h2>\n\n\n\n<p>Para que este sitio Web funcione correctamente necesita utilizar cookies, que es una informaci\u00f3n que se almacena en tu navegador web.<\/p>\n\n\n\n<p>En la p\u00e1gina&nbsp;<a href=\"https:\/\/carniceriacrismar.es\/en\/politica-de-cookies\/\">Cookie policy<\/a>&nbsp;puedes consultar toda la informaci\u00f3n relativa a la pol\u00edtica de recogida, la finalidad y el tratamiento de las cookies.<\/p>\n\n\n\n<h2 class=\"wp-block-heading\">Legitimaci\u00f3n para el tratamiento de datos<\/h2>\n\n\n\n<p>La base legal para el tratamiento de tus datos es: el consentimiento.<\/p>\n\n\n\n<p>Para contactar con el Titular, suscribirte a un bolet\u00edn o realizar comentarios en este sitio Web tienes que aceptar la presente Pol\u00edtica de Privacidad.<\/p>\n\n\n\n<h2 class=\"wp-block-heading\">Categor\u00edas de datos personales<\/h2>\n\n\n\n<p>Las categor\u00edas de datos personales que trata el Titular son:<\/p>\n\n\n\n<ul class=\"wp-block-list\">\n<li>Datos identificativos.<\/li>\n\n\n\n<li>No se tratan categor\u00edas de datos especialmente protegidos.<\/li>\n<\/ul>\n\n\n\n<h2 class=\"wp-block-heading\">Conservaci\u00f3n de datos personales<\/h2>\n\n\n\n<p>Los datos personales que proporciones al Titular se conservar\u00e1n hasta que solicites su supresi\u00f3n.<\/p>\n\n\n\n<h2 class=\"wp-block-heading\">Destinatarios de datos personales<\/h2>\n\n\n\n<ul class=\"wp-block-list\">\n<li><strong>Google Analytics<\/strong>&nbsp;es un servicio de anal\u00edtica web prestado por Google, Inc., una compa\u00f1\u00eda de Delaware cuya oficina principal est\u00e1 en 1600 Amphitheatre Parkway, Mountain View (California), CA 94043, Estados Unidos (\u00abGoogle\u00bb).<br>Google Analytics utiliza \u00abcookies\u00bb, que son archivos de texto ubicados en tu ordenador, para ayudar al Titular a analizar el uso que hacen los Usuarios del sitio Web. La informaci\u00f3n que genera la cookie acerca del uso del sitio Web (incluyendo la direcci\u00f3n IP) ser\u00e1 directamente transmitida y archivada por Google en los servidores de Estados Unidos.<br>M\u00e1s informaci\u00f3n en:&nbsp;<a href=\"https:\/\/policies.google.com\/privacy?hl=es-ES\" target=\"_blank\" rel=\"noreferrer noopener\">https:\/\/analytics.google.com<\/a><\/li>\n\n\n\n<li><strong>Google AdSense<\/strong>&nbsp;es un conjunto de servicios publicitarios proporcionado por Google, Inc., una compa\u00f1\u00eda de Delaware cuya oficina principal est\u00e1 en 1600 Amphitheatre Parkway, Mountain View (California), CA 94043, Estados Unidos (\u00abGoogle\u00bb). AdSense utiliza las cookies para mejorar la publicidad, segmentarla seg\u00fan el contenido que sea relevante para los usuarios y mejorar los informes de rendimiento de las campa\u00f1as.<br>M\u00e1s informaci\u00f3n en:&nbsp;<a href=\"https:\/\/policies.google.com\/privacy?hl=es-ES\" target=\"_blank\" rel=\"noreferrer noopener\">https:\/\/www.google.com\/adsense<\/a><\/li>\n<\/ul>\n\n\n\n<p>En la p\u00e1gina de&nbsp;<a href=\"https:\/\/policies.google.com\/technologies\/partner-sites\" target=\"_blank\" rel=\"noreferrer noopener\">Pol\u00edtica de privacidad de Google<\/a>&nbsp;se explica c\u00f3mo Google gestiona la privacidad en lo que respecta al uso de las cookies y otra informaci\u00f3n.<\/p>\n\n\n\n<p>Tambi\u00e9n puedes ver una lista de los&nbsp;<a target=\"_blank\" href=\"https:\/\/policies.google.com\/technologies\/types?hl=es\" rel=\"noreferrer noopener\">tipos de cookies<\/a>&nbsp;que utiliza Google y sus colaboradores y toda la informaci\u00f3n relativa al uso que hacen de las&nbsp;<a target=\"_blank\" rel=\"noreferrer noopener\" href=\"https:\/\/policies.google.com\/technologies\/ads?hl=es\">cookies publicitarias<\/a>.<\/p>\n\n\n\n<h2 class=\"wp-block-heading\">Navegaci\u00f3n Web<\/h2>\n\n\n\n<p>Al navegar por&nbsp;https:\/\/carniceriacrismar.es&nbsp;se pueden recoger datos no identificativos, que pueden incluir, la direcci\u00f3n IP, geolocalizaci\u00f3n, un registro de c\u00f3mo se utilizan los servicios y sitios, h\u00e1bitos de navegaci\u00f3n y otros datos que no pueden ser utilizados para identificarte.<\/p>\n\n\n\n<p>El sitio Web utiliza los siguientes servicios de an\u00e1lisis de terceros:<\/p>\n\n\n\n<ul class=\"wp-block-list\">\n<li>Google Analytics.<\/li>\n\n\n\n<li>Google AdSense.<\/li>\n<\/ul>\n\n\n\n<p>El Titular utiliza la informaci\u00f3n obtenida para obtener datos estad\u00edsticos, analizar tendencias, administrar el sitio, estudiar patrones de navegaci\u00f3n y para recopilar informaci\u00f3n demogr\u00e1fica.<\/p>\n\n\n\n<p>El Titular no se hace responsable del tratamiento de los datos personales que realicen las p\u00e1ginas web a las que puedas acceder a trav\u00e9s de los distintos enlaces que contiene el sitio Web.<\/p>\n\n\n\n<h2 class=\"wp-block-heading\">Exactitud y veracidad de los datos personales<\/h2>\n\n\n\n<p>Te comprometes a que los datos facilitados al Titular sean correctos, completos, exactos y vigentes, as\u00ed como a mantenerlos debidamente actualizados.<\/p>\n\n\n\n<p>Como Usuario del sitio Web eres el \u00fanico responsable de la veracidad y correcci\u00f3n de los datos remitidos al sitio Web exonerando a carniceriacrismar.es de cualquier responsabilidad al respecto.<\/p>\n\n\n\n<h2 class=\"wp-block-heading\">Aceptaci\u00f3n y consentimiento<\/h2>\n\n\n\n<p>Como Usuario del sitio Web declaras haber sido informado de las condiciones sobre protecci\u00f3n de datos de car\u00e1cter personal, aceptas y consientes el tratamiento de los mismos por parte de carniceriacrismar.es en la forma y para las finalidades indicadas en esta Pol\u00edtica de Privacidad.<\/p>\n\n\n\n<h2 class=\"wp-block-heading\">Revocabilidad<\/h2>\n\n\n\n<p>Para ejercitar tus derechos de acceso, rectificaci\u00f3n, cancelaci\u00f3n y oposici\u00f3n tienes que enviar un correo electr\u00f3nico a info@carniceriacrismar.es junto con la prueba v\u00e1lida en derecho como una fotocopia del D.N.I. o equivalente.<\/p>\n\n\n\n<p>El ejercicio de estos derechos no incluye ning\u00fan dato que carniceriacrismar.es est\u00e9 obligado a conservar con fines administrativos, legales o de seguridad.<\/p>\n\n\n\n<h2 class=\"wp-block-heading\">Cambios en la Pol\u00edtica de Privacidad<\/h2>\n\n\n\n<p>El Titular se reserva el derecho a modificar la presente Pol\u00edtica de Privacidad para adaptarla a novedades legislativas o jurisprudenciales, as\u00ed como a pr\u00e1cticas de la industria.<\/p>\n\n\n\n<p>Estas pol\u00edticas estar\u00e1n vigentes hasta que sean modificadas por otras debidamente publicadas.<\/p>\n\n\n\n<p><\/p>","protected":false},"excerpt":{"rendered":"<p>carniceriacrismar.es te informa sobre su Pol\u00edtica de Privacidad respecto del tratamiento y protecci\u00f3n de los datos de car\u00e1cter personal de los usuarios que puedan ser recabados durante la navegaci\u00f3n a trav\u00e9s del sitio Web&nbsp;https:\/\/carniceriacrismar.es. En este sentido, carniceriacrismar.es garantiza el cumplimiento de la normativa vigente en materia de protecci\u00f3n de datos personales, reflejada en la [&hellip;]<\/p>\n","protected":false},"author":1,"featured_media":0,"parent":0,"menu_order":0,"comment_status":"closed","ping_status":"closed","template":"","meta":{"_joinchat":[],"footnotes":""},"class_list":["post-722","page","type-page","status-publish","hentry"],"_links":{"self":[{"href":"https:\/\/carniceriacrismar.es\/en\/wp-json\/wp\/v2\/pages\/722","targetHints":{"allow":["GET"]}}],"collection":[{"href":"https:\/\/carniceriacrismar.es\/en\/wp-json\/wp\/v2\/pages"}],"about":[{"href":"https:\/\/carniceriacrismar.es\/en\/wp-json\/wp\/v2\/types\/page"}],"author":[{"embeddable":true,"href":"https:\/\/carniceriacrismar.es\/en\/wp-json\/wp\/v2\/users\/1"}],"replies":[{"embeddable":true,"href":"https:\/\/carniceriacrismar.es\/en\/wp-json\/wp\/v2\/comments?post=722"}],"version-history":[{"count":0,"href":"https:\/\/carniceriacrismar.es\/en\/wp-json\/wp\/v2\/pages\/722\/revisions"}],"wp:attachment":[{"href":"https:\/\/carniceriacrismar.es\/en\/wp-json\/wp\/v2\/media?parent=722"}],"curies":[{"name":"wp","href":"https:\/\/api.w.org\/{rel}","templated":true}]}}